{"id":2,"date":"2022-02-22T23:40:35","date_gmt":"2022-02-22T23:40:35","guid":{"rendered":"https:\/\/vlog.streamingconnect.com\/?page_id=2"},"modified":"2022-03-01T22:42:48","modified_gmt":"2022-03-01T22:42:48","slug":"sample-page","status":"publish","type":"page","link":"https:\/\/vlog.streamingconnect.com\/index.php\/sample-page\/","title":{"rendered":"Caracter\u00edsticas"},"content":{"rendered":"\n<p class=\"has-large-font-size\"><strong>Funcionalidades y servicios<\/strong><\/p>\n\n\n\n<ul class=\"has-medium-font-size wp-block-list\"><li><strong>Dominio:<\/strong> La soluci\u00f3n incluye el dominio de su web dedicada a los contenidos audiovisuales (Vlog) durante un plazo m\u00ednimo de 12 meses. La titularidad del dominio ser\u00e1 suya por completo.<\/li><li><strong>Hosting:<\/strong> Tambi\u00e9n tendr\u00e1 a su disposici\u00f3n el alojamiento de la p\u00e1gina webtv durante un plazo de 12 meses.&nbsp;<\/li><li><strong>Dise\u00f1o de la p\u00e1gina web:<\/strong> Como parte del servicio tendr\u00e1 la estructura de la web, sin l\u00edmite de apartados (categor\u00edas). Tales como: p\u00e1gina de inicio (Landing Page), presentaci\u00f3n de la empresa, formulario de contacto, descripci\u00f3n de productos, datos de contacto, mapa del sitio jerarquizado, con b\u00fasquedas ontol\u00f3gicas y posicionamiento basado en la descripci\u00f3n de los contenidos audiovisuales.<\/li><li><strong>Web&nbsp;responsive:<\/strong> Multidispositivo, multiusuario con posibilidad de la creaci\u00f3n de canales tem\u00e1ticos para su incorporaci\u00f3n en sistemas OTT como Roku.<\/li><li><strong>Accesibilidad:<\/strong>&nbsp;El dise\u00f1o de tu web cumplir\u00e1 con los criterios de conformidad de nivel AA de las Pautas WCAG-2.1.&nbsp;<\/li><li><strong>Posicionamiento b\u00e1sico en internet:<\/strong>&nbsp; La informaci\u00f3n de su empresa ser\u00e1 indexable por los principales motores de b\u00fasqueda (On-Page).<\/li><li><strong>Autogestionable:<\/strong> dispondr\u00e1 tambi\u00e9n de una plataforma de gesti\u00f3n de contenidos para que pueda modificalos sin necesidad de ayuda.<\/li><li><strong>Optimizaci\u00f3n de la presencia en buscadores (SEO b\u00e1sico): <\/strong>An\u00e1lisis de palabras clave, SEO On-Page de 2 p\u00e1ginas o apartados, indexaci\u00f3n y jerarquizaci\u00f3n del contenido.<\/li><\/ul>\n\n\n\n<p class=\"has-large-font-size\"><strong>Contenido audiovisual<\/strong><\/p>\n\n\n\n<p class=\"has-medium-font-size\">La base del contenido audiovisual es todo lo relacionado con los productos y servicios de la empresa para ello el video blog (Vlog) contar\u00e1:<\/p>\n\n\n\n<ul class=\"has-medium-font-size wp-block-list\"><li>Con el asesoramiento de nuestra empresa para la selecci\u00f3n e incorporaci\u00f3n de contenidos relacionados ya existentes y disponibles&nbsp; en la red.<\/li><li>Generaci\u00f3n del publirreportaje de la empresa para ser distribuido a trav\u00e9s de los diferentes sistemas OTT del Grupo Canal Media (GCM) y de TDTL, Nacional e Internacionalmente<\/li><li>Incorporaci\u00f3n del contenido audiovisual en GoogleMaps en el portal de productos y servicios de su regi\u00f3n de nuestro canal de emisi\u00f3n por Internet.<\/li><li>Los derechos de emisi\u00f3n del canal de proximidad de su zona TDTL, el cual acerca al for\u00e1neo al entorno de su localidad, permitiendo llevarle los valores y emociones que empatizan con su localidad.<\/li><\/ul>\n\n\n\n<p class=\"has-medium-font-size\">Apoyamos decididamente el valor de las PYMES y ayudamos a impulsar decididamente&nbsp;su digitalizaci\u00f3n y promoci\u00f3n con la financiaci\u00f3n del coste que supone la implementaci\u00f3n del presente KIT digital.&nbsp; Para ello le asesoraremos para efectuar la solicitud y tramitar el <em><strong>\u201cBono Digital\u201d<\/strong><\/em>.. El marco regulador del &#8216;Kit Digital&#8217; permite optar a las PYMES y &nbsp;empresas de todos los sectores a trav\u00e9s del portal oficial <em>Acelera Pyme<\/em> con un &#8220;bono digital&#8221; el cual le permite financiar la presente oferta.<\/p>\n","protected":false},"excerpt":{"rendered":"<p>Funcionalidades y servicios Dominio: La soluci\u00f3n incluye el dominio de su web dedicada a los contenidos audiovisuales (Vlog) durante un plazo m\u00ednimo de 12 meses. La titularidad del dominio ser\u00e1 suya por<a class=\"moretag\" href=\"https:\/\/vlog.streamingconnect.com\/index.php\/sample-page\/\">Leer m\u00e1s&#8230;<\/a><\/p>\n","protected":false},"author":1,"featured_media":0,"parent":0,"menu_order":0,"comment_status":"closed","ping_status":"open","template":"","meta":{"footnotes":""},"class_list":["post-2","page","type-page","status-publish","hentry"],"yoast_head":"<!-- This site is optimized with the Yoast SEO plugin v18.2 - https:\/\/yoast.com\/wordpress\/plugins\/seo\/ -->\n<title>Caracter\u00edsticas - Video Kit Digital<\/title>\n<meta name=\"robots\" content=\"index, follow, max-snippet:-1, max-image-preview:large, max-video-preview:-1\" \/>\n<link rel=\"canonical\" href=\"https:\/\/vlog.streamingconnect.com\/index.php\/sample-page\/\" \/>\n<meta property=\"og:locale\" content=\"es_ES\" \/>\n<meta property=\"og:type\" content=\"article\" \/>\n<meta property=\"og:title\" content=\"Caracter\u00edsticas - Video Kit Digital\" \/>\n<meta property=\"og:description\" content=\"Funcionalidades y servicios Dominio: La soluci\u00f3n incluye el dominio de su web dedicada a los contenidos audiovisuales (Vlog) durante un plazo m\u00ednimo de 12 meses. La titularidad del dominio ser\u00e1 suya porLeer m\u00e1s...\" \/>\n<meta property=\"og:url\" content=\"https:\/\/vlog.streamingconnect.com\/index.php\/sample-page\/\" \/>\n<meta property=\"og:site_name\" content=\"Video Kit Digital\" \/>\n<meta property=\"article:modified_time\" content=\"2022-03-01T22:42:48+00:00\" \/>\n<meta name=\"twitter:card\" content=\"summary_large_image\" \/>\n<meta name=\"twitter:label1\" content=\"Tiempo de lectura\" \/>\n\t<meta name=\"twitter:data1\" content=\"2 minutos\" \/>\n<script type=\"application\/ld+json\" class=\"yoast-schema-graph\">{\"@context\":\"https:\/\/schema.org\",\"@graph\":[{\"@type\":\"WebSite\",\"@id\":\"https:\/\/vlog.streamingconnect.com\/#website\",\"url\":\"https:\/\/vlog.streamingconnect.com\/\",\"name\":\"Video Kit Digital\",\"description\":\"video blog para pymes\",\"potentialAction\":[{\"@type\":\"SearchAction\",\"target\":{\"@type\":\"EntryPoint\",\"urlTemplate\":\"https:\/\/vlog.streamingconnect.com\/?s={search_term_string}\"},\"query-input\":\"required name=search_term_string\"}],\"inLanguage\":\"es\"},{\"@type\":\"WebPage\",\"@id\":\"https:\/\/vlog.streamingconnect.com\/index.php\/sample-page\/#webpage\",\"url\":\"https:\/\/vlog.streamingconnect.com\/index.php\/sample-page\/\",\"name\":\"Caracter\u00edsticas - Video Kit Digital\",\"isPartOf\":{\"@id\":\"https:\/\/vlog.streamingconnect.com\/#website\"},\"datePublished\":\"2022-02-22T23:40:35+00:00\",\"dateModified\":\"2022-03-01T22:42:48+00:00\",\"breadcrumb\":{\"@id\":\"https:\/\/vlog.streamingconnect.com\/index.php\/sample-page\/#breadcrumb\"},\"inLanguage\":\"es\",\"potentialAction\":[{\"@type\":\"ReadAction\",\"target\":[\"https:\/\/vlog.streamingconnect.com\/index.php\/sample-page\/\"]}]},{\"@type\":\"BreadcrumbList\",\"@id\":\"https:\/\/vlog.streamingconnect.com\/index.php\/sample-page\/#breadcrumb\",\"itemListElement\":[{\"@type\":\"ListItem\",\"position\":1,\"name\":\"Portada\",\"item\":\"https:\/\/vlog.streamingconnect.com\/\"},{\"@type\":\"ListItem\",\"position\":2,\"name\":\"Caracter\u00edsticas\"}]}]}<\/script>\n<!-- \/ Yoast SEO plugin. -->","yoast_head_json":{"title":"Caracter\u00edsticas - Video Kit Digital","robots":{"index":"index","follow":"follow","max-snippet":"max-snippet:-1","max-image-preview":"max-image-preview:large","max-video-preview":"max-video-preview:-1"},"canonical":"https:\/\/vlog.streamingconnect.com\/index.php\/sample-page\/","og_locale":"es_ES","og_type":"article","og_title":"Caracter\u00edsticas - Video Kit Digital","og_description":"Funcionalidades y servicios Dominio: La soluci\u00f3n incluye el dominio de su web dedicada a los contenidos audiovisuales (Vlog) durante un plazo m\u00ednimo de 12 meses. La titularidad del dominio ser\u00e1 suya porLeer m\u00e1s...","og_url":"https:\/\/vlog.streamingconnect.com\/index.php\/sample-page\/","og_site_name":"Video Kit Digital","article_modified_time":"2022-03-01T22:42:48+00:00","twitter_card":"summary_large_image","twitter_misc":{"Tiempo de lectura":"2 minutos"},"schema":{"@context":"https:\/\/schema.org","@graph":[{"@type":"WebSite","@id":"https:\/\/vlog.streamingconnect.com\/#website","url":"https:\/\/vlog.streamingconnect.com\/","name":"Video Kit Digital","description":"video blog para pymes","potentialAction":[{"@type":"SearchAction","target":{"@type":"EntryPoint","urlTemplate":"https:\/\/vlog.streamingconnect.com\/?s={search_term_string}"},"query-input":"required name=search_term_string"}],"inLanguage":"es"},{"@type":"WebPage","@id":"https:\/\/vlog.streamingconnect.com\/index.php\/sample-page\/#webpage","url":"https:\/\/vlog.streamingconnect.com\/index.php\/sample-page\/","name":"Caracter\u00edsticas - Video Kit Digital","isPartOf":{"@id":"https:\/\/vlog.streamingconnect.com\/#website"},"datePublished":"2022-02-22T23:40:35+00:00","dateModified":"2022-03-01T22:42:48+00:00","breadcrumb":{"@id":"https:\/\/vlog.streamingconnect.com\/index.php\/sample-page\/#breadcrumb"},"inLanguage":"es","potentialAction":[{"@type":"ReadAction","target":["https:\/\/vlog.streamingconnect.com\/index.php\/sample-page\/"]}]},{"@type":"BreadcrumbList","@id":"https:\/\/vlog.streamingconnect.com\/index.php\/sample-page\/#breadcrumb","itemListElement":[{"@type":"ListItem","position":1,"name":"Portada","item":"https:\/\/vlog.streamingconnect.com\/"},{"@type":"ListItem","position":2,"name":"Caracter\u00edsticas"}]}]}},"_links":{"self":[{"href":"https:\/\/vlog.streamingconnect.com\/index.php\/wp-json\/wp\/v2\/pages\/2","targetHints":{"allow":["GET"]}}],"collection":[{"href":"https:\/\/vlog.streamingconnect.com\/index.php\/wp-json\/wp\/v2\/pages"}],"about":[{"href":"https:\/\/vlog.streamingconnect.com\/index.php\/wp-json\/wp\/v2\/types\/page"}],"author":[{"embeddable":true,"href":"https:\/\/vlog.streamingconnect.com\/index.php\/wp-json\/wp\/v2\/users\/1"}],"replies":[{"embeddable":true,"href":"https:\/\/vlog.streamingconnect.com\/index.php\/wp-json\/wp\/v2\/comments?post=2"}],"version-history":[{"count":7,"href":"https:\/\/vlog.streamingconnect.com\/index.php\/wp-json\/wp\/v2\/pages\/2\/revisions"}],"predecessor-version":[{"id":152,"href":"https:\/\/vlog.streamingconnect.com\/index.php\/wp-json\/wp\/v2\/pages\/2\/revisions\/152"}],"wp:attachment":[{"href":"https:\/\/vlog.streamingconnect.com\/index.php\/wp-json\/wp\/v2\/media?parent=2"}],"curies":[{"name":"wp","href":"https:\/\/api.w.org\/{rel}","templated":true}]}}